{"id":68,"date":"2024-12-25T12:25:16","date_gmt":"2024-12-25T11:25:16","guid":{"rendered":"https:\/\/bezirk04.de\/?page_id=68"},"modified":"2025-11-19T11:37:22","modified_gmt":"2025-11-19T10:37:22","slug":"impressum","status":"publish","type":"page","link":"https:\/\/bezirk04.de\/wordpress\/impressum\/","title":{"rendered":"Impressum"},"content":{"rendered":"<div id=\"content\">\n<div class=\"articles zpgrid\">\n<div class=\"zparea \" data-numcolumns=\"12\" data-areaname=\"Standard\" data-pageid=\"481\">\n<div id=\"container_125\" class=\"zpContainer first last \" data-zpeleel=\"container\" data-zpleid=\"125\">\n<div class=\"zpRow standard \" data-row-id=\"74\">\n<div class=\"zpColumn odd zpColumnWidth1 c12 first last\" data-column-id=\"79\">\n<div class=\"zpColumnItem\">\n<div id=\"a1381\" class=\"articlearea zpwText\" data-article-id=\"1381\" data-zpleid=\"1381\">\n<h2 data-zpfieldname=\"headline\">Impressum<\/h2>\n<p><strong>Sch\u00fctzenbezirk 04 e.V. im Rheinischen Sch\u00fctzenbund<\/strong><\/p>\n<p>Deutzer Stra\u00dfe 40<br \/>\n41468 Neuss<\/p>\n<p>Telefon: +49 2131 \/ 1531275<br \/>\nTelefax: +49 151 \/ 56239241<\/p>\n<p>E-Mail:\u00a0<a href=\"mailto:info@bezirk04.de\">info@bezirk04.de<\/a><br \/>\nInternet: <a href=\"https:\/\/hagermedia.de\/bezirk\/index.html\">www.bezirk04.de<\/a><\/p>\n<p>Vertretungsberechtigter: Frank Buchholz<\/p>\n<p>Inhaltlich Verantwortlicher gem\u00e4\u00df \u00a7 55 Abs. 2 RStV: Frank Buchholz<\/p>\n<\/div>\n<\/div>\n<\/div>\n<\/div>\n<div class=\"zpRow standard \" data-row-id=\"75\">\n<div class=\"zpColumn odd zpColumnWidth1 c12 first last\" data-column-id=\"80\">\n<div class=\"zpColumnItem\">\n<div id=\"a1382\" class=\"articlearea zpwText\" data-article-id=\"1382\" data-zpleid=\"1382\">\n<h3 data-zpfieldname=\"headline\">Haftungshinweis<\/h3>\n<p>Trotz sorgf\u00e4ltiger inhaltlicher Kontrolle \u00fcbernehmen wir keine Haftung f\u00fcr die Inhalte externer Links. F\u00fcr den Inhalt der verlinkten Seiten sind ausschlie\u00dflich deren Betreiber verantwortlich.<\/p>\n<\/div>\n<\/div>\n<\/div>\n<\/div>\n<div class=\"zpRow standard \" data-row-id=\"76\">\n<div class=\"zpColumn odd zpColumnWidth1 c12 first last\" data-column-id=\"81\">\n<div class=\"zpColumnItem\">\n<div id=\"a1383\" class=\"articlearea zpwText\" data-article-id=\"1383\" data-zpleid=\"1383\">\n<h3 data-zpfieldname=\"headline\">Bildnachweise<\/h3>\n<p><strong>Urheber und Bildquelle der im Layout verwendeten Bilder:<\/strong><br \/>\nEs wurden nur lizenzfreie Fotos verwendet.<\/p>\n<\/div>\n<\/div>\n<\/div>\n<\/div>\n<\/div>\n<\/div>\n<\/div>\n<\/div>\n","protected":false},"excerpt":{"rendered":"<p>Impressum Sch\u00fctzenbezirk 04 e.V. im Rheinischen Sch\u00fctzenbund Deutzer Stra\u00dfe 40 41468 Neuss Telefon: +49 2131 \/ 1531275 Telefax: +49 151 \/ 56239241 E-Mail:\u00a0info@bezirk04.de Internet: www.bezirk04.de Vertretungsberechtigter: Frank Buchholz Inhaltlich Verantwortlicher gem\u00e4\u00df \u00a7 55 Abs. 2 RStV: Frank Buchholz Haftungshinweis Trotz sorgf\u00e4ltiger inhaltlicher Kontrolle \u00fcbernehmen wir keine Haftung f\u00fcr die Inhalte externer Links. F\u00fcr den Inhalt <a class=\"excerpt-more\" href=\"https:\/\/bezirk04.de\/wordpress\/impressum\/\">[\u2026 weiter]<\/a><\/p>\n","protected":false},"author":1,"featured_media":0,"parent":0,"menu_order":0,"comment_status":"closed","ping_status":"closed","template":"","meta":{"footnotes":""},"class_list":["post-68","page","type-page","status-publish","hentry"],"_links":{"self":[{"href":"https:\/\/bezirk04.de\/wordpress\/wp-json\/wp\/v2\/pages\/68","targetHints":{"allow":["GET"]}}],"collection":[{"href":"https:\/\/bezirk04.de\/wordpress\/wp-json\/wp\/v2\/pages"}],"about":[{"href":"https:\/\/bezirk04.de\/wordpress\/wp-json\/wp\/v2\/types\/page"}],"author":[{"embeddable":true,"href":"https:\/\/bezirk04.de\/wordpress\/wp-json\/wp\/v2\/users\/1"}],"replies":[{"embeddable":true,"href":"https:\/\/bezirk04.de\/wordpress\/wp-json\/wp\/v2\/comments?post=68"}],"version-history":[{"count":5,"href":"https:\/\/bezirk04.de\/wordpress\/wp-json\/wp\/v2\/pages\/68\/revisions"}],"predecessor-version":[{"id":1244,"href":"https:\/\/bezirk04.de\/wordpress\/wp-json\/wp\/v2\/pages\/68\/revisions\/1244"}],"wp:attachment":[{"href":"https:\/\/bezirk04.de\/wordpress\/wp-json\/wp\/v2\/media?parent=68"}],"curies":[{"name":"wp","href":"https:\/\/api.w.org\/{rel}","templated":true}]}}