{"id":51,"date":"2024-12-23T21:38:23","date_gmt":"2024-12-23T20:38:23","guid":{"rendered":"https:\/\/bezirk04.de\/?page_id=51"},"modified":"2025-01-03T21:18:47","modified_gmt":"2025-01-03T20:18:47","slug":"termine","status":"publish","type":"page","link":"https:\/\/bezirk04.de\/wordpress\/termine\/","title":{"rendered":"Unsere Termine auf einen Blick"},"content":{"rendered":"<p>In dieser Rubrik geben wir Ihnen einen \u00dcberblick \u00fcber unsere anstehenden Termine und Veranstaltungen. Die zu den Termin geh\u00f6renden offiziellen Einladungen werden von uns per E-Mail verteilt und auf unserer Startseite ver\u00f6ffentlicht.<\/p>\n<p><iframe loading=\"lazy\" src=\"https:\/\/kalender.digital\/7196c4773c456aed4a77\" width=\"800\" height=\"700\"><span style=\"display: inline-block; width: 0px; overflow: hidden; line-height: 0;\" data-mce-type=\"bookmark\" ass=\"mce_SELRES_start\">\ufeff<\/span><\/iframe><\/p>\n","protected":false},"excerpt":{"rendered":"<p>In dieser Rubrik geben wir Ihnen einen \u00dcberblick \u00fcber unsere anstehenden Termine und Veranstaltungen. Die zu den Termin geh\u00f6renden offiziellen Einladungen werden von uns per E-Mail verteilt und auf unserer Startseite ver\u00f6ffentlicht. \ufeff<\/p>\n","protected":false},"author":1,"featured_media":0,"parent":0,"menu_order":0,"comment_status":"closed","ping_status":"closed","template":"","meta":{"footnotes":""},"class_list":["post-51","page","type-page","status-publish","hentry"],"_links":{"self":[{"href":"https:\/\/bezirk04.de\/wordpress\/wp-json\/wp\/v2\/pages\/51","targetHints":{"allow":["GET"]}}],"collection":[{"href":"https:\/\/bezirk04.de\/wordpress\/wp-json\/wp\/v2\/pages"}],"about":[{"href":"https:\/\/bezirk04.de\/wordpress\/wp-json\/wp\/v2\/types\/page"}],"author":[{"embeddable":true,"href":"https:\/\/bezirk04.de\/wordpress\/wp-json\/wp\/v2\/users\/1"}],"replies":[{"embeddable":true,"href":"https:\/\/bezirk04.de\/wordpress\/wp-json\/wp\/v2\/comments?post=51"}],"version-history":[{"count":13,"href":"https:\/\/bezirk04.de\/wordpress\/wp-json\/wp\/v2\/pages\/51\/revisions"}],"predecessor-version":[{"id":363,"href":"https:\/\/bezirk04.de\/wordpress\/wp-json\/wp\/v2\/pages\/51\/revisions\/363"}],"wp:attachment":[{"href":"https:\/\/bezirk04.de\/wordpress\/wp-json\/wp\/v2\/media?parent=51"}],"curies":[{"name":"wp","href":"https:\/\/api.w.org\/{rel}","templated":true}]}}