{"id":3,"date":"2024-12-21T21:13:31","date_gmt":"2024-12-21T20:13:31","guid":{"rendered":"https:\/\/bezirk04.de\/?page_id=3"},"modified":"2025-11-19T11:39:44","modified_gmt":"2025-11-19T10:39:44","slug":"datenschutzerklaerung","status":"publish","type":"page","link":"https:\/\/bezirk04.de\/wordpress\/datenschutzerklaerung\/","title":{"rendered":"Datenschutzerkl\u00e4rung"},"content":{"rendered":"\r\n<h2 class=\"wp-block-heading\"><strong>Datenschutzerkl\u00e4rung<\/strong><\/h2>\r\n<h3><strong>1. Allgemeine Hinweise<\/strong><\/h3>\r\n<p>Wir, Sch\u00fctzenbezirk 04 e.V. im Rheinischen Sch\u00fctzenbund, nehmen den Schutz Ihrer pers\u00f6nlichen Daten sehr ernst. Wir behandeln Ihre personenbezogenen Daten vertraulich und entsprechend den gesetzlichen Datenschutzvorschriften sowie dieser Datenschutzerkl\u00e4rung.<\/p>\r\n<p>Die Nutzung unserer Website ist in der Regel ohne Angabe personenbezogener Daten m\u00f6glich. Soweit auf unseren Seiten personenbezogene Daten erhoben werden (z. B. Name, Adresse, E-Mail-Adresse), erfolgt dies, soweit m\u00f6glich, stets auf freiwilliger Basis. Diese Daten werden ohne Ihre ausdr\u00fcckliche Zustimmung nicht an Dritte weitergegeben.<\/p>\r\n<hr \/>\r\n<h3><strong>2. Verantwortlicher<\/strong><\/h3>\r\n<p>Verantwortlicher im Sinne der Datenschutzgesetze, insbesondere der EU-Datenschutzgrundverordnung (DSGVO), ist:<\/p>\r\n<p>Sch\u00fctzenbezirk 04 e.V. im Rheinischen Sch\u00fctzenbund<br \/>Deutzer Stra\u00dfe 40<br \/>Frank Buchholz<br \/>E-Mail: <a href=\"mailto:info@rsb-bezirk04.de\">info@bezirk04.de<\/a><br \/>Mobil: +49 151 \/ 56239241<\/p>\r\n<hr \/>\r\n<h3><strong>3. Erhebung und Speicherung personenbezogener Daten<\/strong><\/h3>\r\n<h4><strong>a) Zugriffsdaten<\/strong><\/h4>\r\n<p>Beim Besuch unserer Website werden automatisch Informationen erhoben, die Ihr Browser an unseren Server \u00fcbermittelt. Diese Informationen umfassen:<\/p>\r\n<ul>\r\n<li>Browsertyp und -version<\/li>\r\n<li>Verwendetes Betriebssystem<\/li>\r\n<li>Referrer-URL (die zuvor besuchte Seite)<\/li>\r\n<li>Hostname des zugreifenden Rechners<\/li>\r\n<li>Uhrzeit der Serveranfrage<\/li>\r\n<li>IP-Adresse<\/li>\r\n<\/ul>\r\n<p>Diese Daten sind nicht bestimmten Personen zuordenbar und werden ausschlie\u00dflich zur Sicherstellung eines st\u00f6rungsfreien Betriebs der Website und zur Verbesserung unseres Angebots ausgewertet.<\/p>\r\n<h4><strong>b) Kontaktformular<\/strong><\/h4>\r\n<p>Wenn Sie uns per Kontaktformular Anfragen zukommen lassen, werden Ihre Angaben aus dem Formular inklusive der von Ihnen angegebenen Kontaktdaten gespeichert, um die Anfrage zu bearbeiten und f\u00fcr den Fall von Anschlussfragen bereitzuhalten. Diese Daten geben wir nicht ohne Ihre Einwilligung weiter.<\/p>\r\n<h4><strong>c) Mitgliedsanmeldung<\/strong><\/h4>\r\n<p>Wenn Sie \u00fcber unsere Website Mitgliedsantr\u00e4ge stellen, erheben wir die hierf\u00fcr erforderlichen personenbezogenen Daten (z. B. Name, Anschrift, Geburtsdatum). Diese Daten werden ausschlie\u00dflich f\u00fcr die Vereinsverwaltung genutzt.<\/p>\r\n<hr \/>\r\n<h3><strong>4. Verwendung von Cookies<\/strong><\/h3>\r\n<p>Unsere Website verwendet Cookies. Cookies sind kleine Textdateien, die auf Ihrem Rechner abgelegt werden und die Ihr Browser speichert. Sie richten auf Ihrem Rechner keinen Schaden an und enthalten keine Viren.<\/p>\r\n<p>Die meisten der von uns verwendeten Cookies sind sogenannte \u201eSession-Cookies\u201c. Sie werden nach Ende Ihres Besuchs automatisch gel\u00f6scht. Andere Cookies bleiben auf Ihrem Endger\u00e4t gespeichert, bis Sie diese l\u00f6schen. Diese Cookies erm\u00f6glichen es uns, Ihren Browser beim n\u00e4chsten Besuch wiederzuerkennen.<\/p>\r\n<p>Sie k\u00f6nnen Ihren Browser so einstellen, dass Sie \u00fcber das Setzen von Cookies informiert werden und Cookies nur im Einzelfall erlauben, die Annahme von Cookies f\u00fcr bestimmte F\u00e4lle oder generell ausschlie\u00dfen sowie das automatische L\u00f6schen der Cookies beim Schlie\u00dfen des Browsers aktivieren.<\/p>\r\n<hr \/>\r\n<h3><strong>5. Google Analytics (oder andere Drittanbieter)<\/strong><\/h3>\r\n<p>Diese Website nutzt Funktionen des Webanalysedienstes Google Analytics. Anbieter ist die Google Ireland Limited (\u201eGoogle\u201c), Gordon House, Barrow Street, Dublin 4, Irland.<\/p>\r\n<p>Google Analytics verwendet Cookies. Die durch den Cookie erzeugten Informationen \u00fcber Ihre Benutzung dieser Website werden in der Regel an einen Server von Google in den USA \u00fcbertragen und dort gespeichert.<\/p>\r\n<p><strong>Hinweis:<\/strong> Google Analytics erfordert eine Einwilligung des Nutzers (z. B. durch ein Cookie-Banner) und die IP-Adresse sollte anonymisiert werden.<\/p>\r\n<hr \/>\r\n<h3><strong>6. Rechte der Betroffenen<\/strong><\/h3>\r\n<p>Sie haben das Recht:<\/p>\r\n<ol>\r\n<li>Gem\u00e4\u00df Art. 15 DSGVO Auskunft \u00fcber Ihre von uns verarbeiteten personenbezogenen Daten zu verlangen.<\/li>\r\n<li>Gem\u00e4\u00df Art. 16 DSGVO die Berichtigung unrichtiger oder Vervollst\u00e4ndigung Ihrer bei uns gespeicherten personenbezogenen Daten zu verlangen.<\/li>\r\n<li>Gem\u00e4\u00df Art. 17 DSGVO die L\u00f6schung Ihrer bei uns gespeicherten personenbezogenen Daten zu verlangen, sofern nicht gesetzliche oder vertragliche Aufbewahrungsfristen dem entgegenstehen.<\/li>\r\n<li>Gem\u00e4\u00df Art. 18 DSGVO die Einschr\u00e4nkung der Verarbeitung Ihrer personenbezogenen Daten zu verlangen.<\/li>\r\n<li>Gem\u00e4\u00df Art. 20 DSGVO Ihre personenbezogenen Daten in einem strukturierten, g\u00e4ngigen und maschinenlesbaren Format zu erhalten oder die \u00dcbermittlung an einen anderen Verantwortlichen zu verlangen.<\/li>\r\n<li>Gem\u00e4\u00df Art. 77 DSGVO sich bei einer Aufsichtsbeh\u00f6rde zu beschweren.<\/li>\r\n<\/ol>\r\n<hr \/>\r\n<h3><strong>7. Widerspruchsrecht<\/strong><\/h3>\r\n<p>Sie k\u00f6nnen der Verarbeitung Ihrer personenbezogenen Daten jederzeit widersprechen, wenn sich aus Ihrer besonderen Situation Gr\u00fcnde ergeben, die gegen die Datenverarbeitung sprechen.<\/p>\r\n<hr \/>\r\n<h3><strong>8. \u00c4nderungen dieser Datenschutzerkl\u00e4rung<\/strong><\/h3>\r\n<p>Wir behalten uns das Recht vor, diese Datenschutzerkl\u00e4rung anzupassen, um sie stets den aktuellen rechtlichen Anforderungen anzupassen oder \u00c4nderungen unserer Leistungen in der Datenschutzerkl\u00e4rung umzusetzen.<\/p>\r\n<p>Stand: [26.12.2024]\r\n<hr \/>","protected":false},"excerpt":{"rendered":"<p>Datenschutzerkl\u00e4rung 1. Allgemeine Hinweise Wir, Sch\u00fctzenbezirk 04 e.V. im Rheinischen Sch\u00fctzenbund, nehmen den Schutz Ihrer pers\u00f6nlichen Daten sehr ernst. Wir behandeln Ihre personenbezogenen Daten vertraulich und entsprechend den gesetzlichen Datenschutzvorschriften sowie dieser Datenschutzerkl\u00e4rung. Die Nutzung unserer Website ist in der Regel ohne Angabe personenbezogener Daten m\u00f6glich. Soweit auf unseren Seiten personenbezogene Daten erhoben werden (z. <a class=\"excerpt-more\" href=\"https:\/\/bezirk04.de\/wordpress\/datenschutzerklaerung\/\">[\u2026 weiter]<\/a><\/p>\n","protected":false},"author":1,"featured_media":0,"parent":0,"menu_order":0,"comment_status":"closed","ping_status":"open","template":"","meta":{"footnotes":""},"class_list":["post-3","page","type-page","status-publish","hentry"],"_links":{"self":[{"href":"https:\/\/bezirk04.de\/wordpress\/wp-json\/wp\/v2\/pages\/3","targetHints":{"allow":["GET"]}}],"collection":[{"href":"https:\/\/bezirk04.de\/wordpress\/wp-json\/wp\/v2\/pages"}],"about":[{"href":"https:\/\/bezirk04.de\/wordpress\/wp-json\/wp\/v2\/types\/page"}],"author":[{"embeddable":true,"href":"https:\/\/bezirk04.de\/wordpress\/wp-json\/wp\/v2\/users\/1"}],"replies":[{"embeddable":true,"href":"https:\/\/bezirk04.de\/wordpress\/wp-json\/wp\/v2\/comments?post=3"}],"version-history":[{"count":5,"href":"https:\/\/bezirk04.de\/wordpress\/wp-json\/wp\/v2\/pages\/3\/revisions"}],"predecessor-version":[{"id":1245,"href":"https:\/\/bezirk04.de\/wordpress\/wp-json\/wp\/v2\/pages\/3\/revisions\/1245"}],"wp:attachment":[{"href":"https:\/\/bezirk04.de\/wordpress\/wp-json\/wp\/v2\/media?parent=3"}],"curies":[{"name":"wp","href":"https:\/\/api.w.org\/{rel}","templated":true}]}}