{"id":18,"date":"2024-12-22T13:04:34","date_gmt":"2024-12-22T12:04:34","guid":{"rendered":"https:\/\/bezirk04.de\/?page_id=18"},"modified":"2026-04-09T22:28:11","modified_gmt":"2026-04-09T20:28:11","slug":"lehrwesen","status":"publish","type":"page","link":"https:\/\/bezirk04.de\/wordpress\/lehrwesen\/","title":{"rendered":"Lehrwesen"},"content":{"rendered":"<p>Das Ausbilden von unseren Kameradinnen und Kameraden, die sich um den Schie\u00dfsport verdient machen, ist f\u00fcr uns als Sch\u00fctzenbezirk 04 im Rheinischen Sch\u00fctzenbund e.V. von gro\u00dfer Bedeutung. Deswegen f\u00fchren wir mehrmals im Jahr sogenannte Lehrg\u00e4nge durch.<\/p>\n<h3><span style=\"color: #993300;\"><strong>Waffensachkunde &amp; Verantwortliche Aufsicht<\/strong><\/span><\/h3>\n<p>Es freut uns, dass wir Euch folgende Lehrg\u00e4nge anbieten k\u00f6nnen:<\/p>\n<p><strong>Zur Zeit finden keine Lehrg\u00e4nge statt! Neue Termine sind in Planung.<\/strong><\/p>\n<p>(Dieser Lehrgang ist ein Wochenendlehrgang, die Lehrgangszeiten sind:<br \/>\nFreitag 01.08.25 von 18:00 bis 21:00 Uhr<br \/>\nSamstag 02.08.25 von 10:00 bis 18:00 Uhr<br \/>\nund Sonntag von 10:00 bis ca.13:00 Uhr)<\/p>\n<p><strong>Kosten:<\/strong> Waffensachkunde (90 Euro) und Verantwortliche Aufsicht (60 Euro)<\/p>\n<p><span style=\"color: #ff0000;\">Eine Anmeldung ist zwingend erforderlich. Wir haben ein begrenztes Angebot an Pl\u00e4tzen, behalten uns daher auch eine Absage vor, wenn die Mindestteilnehmerzahl nicht erreicht werden kann. Bei der Platzbelegung gilt das Windhundprinzip.<\/span><\/p>\n<p>Bei Fragen, stehen wir unter <a href=\"mailto:info@bezirk04.de\">info@bezirk04.de<\/a> zur Verf\u00fcgung!<\/p>\n<p>&nbsp;<\/p>\n\n<div class=\"wpcf7 no-js\" id=\"wpcf7-f197-o1\" lang=\"de-DE\" dir=\"ltr\" data-wpcf7-id=\"197\">\n<div class=\"screen-reader-response\"><p role=\"status\" aria-live=\"polite\" aria-atomic=\"true\"><\/p> <ul><\/ul><\/div>\n<form action=\"\/wordpress\/wp-json\/wp\/v2\/pages\/18#wpcf7-f197-o1\" method=\"post\" class=\"wpcf7-form init\" aria-label=\"Kontaktformular\" novalidate=\"novalidate\" data-status=\"init\">\n<fieldset class=\"hidden-fields-container\"><input type=\"hidden\" name=\"_wpcf7\" value=\"197\" \/><input type=\"hidden\" name=\"_wpcf7_version\" value=\"6.1.5\" \/><input type=\"hidden\" name=\"_wpcf7_locale\" value=\"de_DE\" \/><input type=\"hidden\" name=\"_wpcf7_unit_tag\" value=\"wpcf7-f197-o1\" \/><input type=\"hidden\" name=\"_wpcf7_container_post\" value=\"0\" \/><input type=\"hidden\" name=\"_wpcf7_posted_data_hash\" value=\"\" \/><input type=\"hidden\" name=\"_wpcf7_recaptcha_response\" value=\"\" \/>\n<\/fieldset>\n<p><b>Lehrgangsauswahl:<\/b>\n<\/p>\n<p><span class=\"wpcf7-form-control-wrap\" data-name=\"LW-lehrgang\"><span class=\"wpcf7-form-control wpcf7-radio\"><span class=\"wpcf7-list-item first\"><label><input type=\"radio\" name=\"LW-lehrgang\" value=\"Waffensachkunde\" \/><span class=\"wpcf7-list-item-label\">Waffensachkunde<\/span><\/label><\/span><span class=\"wpcf7-list-item\"><label><input type=\"radio\" name=\"LW-lehrgang\" value=\"Verantwortliche Aufsicht\" \/><span class=\"wpcf7-list-item-label\">Verantwortliche Aufsicht<\/span><\/label><\/span><span class=\"wpcf7-list-item last\"><label><input type=\"radio\" name=\"LW-lehrgang\" value=\"Beide Lehrg\u00e4nge\" \/><span class=\"wpcf7-list-item-label\">Beide Lehrg\u00e4nge<\/span><\/label><\/span><\/span><\/span>\n<\/p>\n<p><span class=\"wpcf7-form-control-wrap\" data-name=\"checkbox-520\"><span class=\"wpcf7-form-control wpcf7-checkbox\"><span class=\"wpcf7-list-item first last\"><label><input type=\"checkbox\" name=\"checkbox-520[]\" value=\"Lehrgang 01\/2026: 20.02.2026 \u2013 22.02.2026\" \/><span class=\"wpcf7-list-item-label\">Lehrgang 01\/2026: 20.02.2026 \u2013 22.02.2026<\/span><\/label><\/span><\/span><\/span>\n<\/p>\n<p><span class=\"wpcf7-form-control-wrap\" data-name=\"checkbox-521\"><span class=\"wpcf7-form-control wpcf7-checkbox\"><span class=\"wpcf7-list-item first last\"><label><input type=\"checkbox\" name=\"checkbox-521[]\" value=\"Lehrgang 02\/2026: 11.09.2026 \u2013 13.09.2026\" \/><span class=\"wpcf7-list-item-label\">Lehrgang 02\/2026: 11.09.2026 \u2013 13.09.2026<\/span><\/label><\/span><\/span><\/span>\n<\/p>\n<p>Lehrst\u00e4tte: Schie\u00dfstand SSV Neuss 1962 in Neuss, Katharina-Braeckeler-Strasse 8, hinter dem Alloheim.\n<\/p>\n<p><span class=\"wpcf7-form-control-wrap\" data-name=\"LW-Name\"><input size=\"40\" maxlength=\"400\" class=\"wpcf7-form-control wpcf7-text wpcf7-validates-as-required\" aria-required=\"true\" aria-invalid=\"false\" placeholder=\"Vor- und Nachname\" value=\"\" type=\"text\" name=\"LW-Name\" \/><\/span>\n<\/p>\n<p><span class=\"wpcf7-form-control-wrap\" data-name=\"LW-Strasse\"><input size=\"40\" maxlength=\"400\" class=\"wpcf7-form-control wpcf7-text wpcf7-validates-as-required\" aria-required=\"true\" aria-invalid=\"false\" placeholder=\"Stra\u00dfe und Hausnummer\" value=\"\" type=\"text\" name=\"LW-Strasse\" \/><\/span>\n<\/p>\n<p><span class=\"wpcf7-form-control-wrap\" data-name=\"LW-Ort\"><input size=\"40\" maxlength=\"400\" class=\"wpcf7-form-control wpcf7-text wpcf7-validates-as-required\" aria-required=\"true\" aria-invalid=\"false\" placeholder=\"PLZ und Wohnort\" value=\"\" type=\"text\" name=\"LW-Ort\" \/><\/span>\n<\/p>\n<p><span class=\"wpcf7-form-control-wrap\" data-name=\"LW-Birth\"><input size=\"40\" maxlength=\"10\" minlength=\"10\" class=\"wpcf7-form-control wpcf7-text wpcf7-validates-as-required\" aria-required=\"true\" aria-invalid=\"false\" value=\"Geburtsdatum (11.11.2005)\" type=\"text\" name=\"LW-Birth\" \/><\/span>\n<\/p>\n<p><span class=\"wpcf7-form-control-wrap\" data-name=\"LW-Mobilnummer\"><input size=\"40\" maxlength=\"400\" class=\"wpcf7-form-control wpcf7-text\" aria-invalid=\"false\" placeholder=\"Mobilnummer\" value=\"\" type=\"text\" name=\"LW-Mobilnummer\" \/><\/span>\n<\/p>\n<p><span class=\"wpcf7-form-control-wrap\" data-name=\"your-email\"><input size=\"40\" maxlength=\"400\" class=\"wpcf7-form-control wpcf7-email wpcf7-validates-as-required wpcf7-text wpcf7-validates-as-email\" autocomplete=\"email\" aria-required=\"true\" aria-invalid=\"false\" placeholder=\"Deine E-Mail-Adresse\" value=\"\" type=\"email\" name=\"your-email\" \/><\/span>\n<\/p>\n<p><span class=\"wpcf7-form-control-wrap\" data-name=\"LW-RSB-Vereinsnummer\"><input size=\"40\" maxlength=\"400\" class=\"wpcf7-form-control wpcf7-text\" aria-invalid=\"false\" placeholder=\"RSB-Vereinsnummer\" value=\"\" type=\"text\" name=\"LW-RSB-Vereinsnummer\" \/><\/span>\n<\/p>\n<p><span class=\"wpcf7-form-control-wrap\" data-name=\"LW-Vereinsname\"><input size=\"40\" maxlength=\"400\" class=\"wpcf7-form-control wpcf7-text\" aria-invalid=\"false\" placeholder=\"Vereinsname\" value=\"\" type=\"text\" name=\"LW-Vereinsname\" \/><\/span>\n<\/p>\n<p><b>Bei nicht RSB-Vereinen:<\/b>\n<\/p>\n<p><span class=\"wpcf7-form-control-wrap\" data-name=\"checkbox-559\"><span class=\"wpcf7-form-control wpcf7-checkbox\"><span class=\"wpcf7-list-item first\"><label><input type=\"checkbox\" name=\"checkbox-559[]\" value=\"BHDS\" \/><span class=\"wpcf7-list-item-label\">BHDS<\/span><\/label><\/span><span class=\"wpcf7-list-item last\"><label><input type=\"checkbox\" name=\"checkbox-559[]\" value=\"B\u00fcrger-Sch\u00fctzen-Verein\" \/><span class=\"wpcf7-list-item-label\">B\u00fcrger-Sch\u00fctzen-Verein<\/span><\/label><\/span><\/span><\/span>\n<\/p>\n<p><b>Hiermit erteile ich die Einwilligung zur Datenverarbeitung und stimme den Buchungsbedingungen des Sch\u00fctzenbezirk 04 im RheinischenSch\u00fctzenbund e.V. zu:<\/b>\n<\/p>\n<p><span class=\"wpcf7-form-control-wrap\" data-name=\"checkbox-558\"><span class=\"wpcf7-form-control wpcf7-checkbox\"><span class=\"wpcf7-list-item first last\"><label><input type=\"checkbox\" name=\"checkbox-558[]\" value=\"Ja\" \/><span class=\"wpcf7-list-item-label\">Ja<\/span><\/label><\/span><\/span><\/span>\n<\/p>\n<p><div id=\"cf7sr-69fdd2a39f28a\" class=\"cf7sr-g-recaptcha\" data-theme=\"light\" data-type=\"image\" data-size=\"compact\" data-sitekey=\"6Lf0buYqAAAAAAW4z2FV-fxua-LLOFkig0oLCx-m\"><\/div><span class=\"wpcf7-form-control-wrap cf7sr-recaptcha\" data-name=\"cf7sr-recaptcha\"><input type=\"hidden\" name=\"cf7sr-recaptcha\" value=\"\" class=\"wpcf7-form-control\"><\/span>\n<\/p>\n<p><input class=\"wpcf7-form-control wpcf7-submit has-spinner\" type=\"submit\" value=\"Senden\" \/>\n<\/p><div class=\"wpcf7-response-output\" aria-hidden=\"true\"><\/div>\n<\/form>\n<\/div>\n\n","protected":false},"excerpt":{"rendered":"<p>Das Ausbilden von unseren Kameradinnen und Kameraden, die sich um den Schie\u00dfsport verdient machen, ist f\u00fcr uns als Sch\u00fctzenbezirk 04 im Rheinischen Sch\u00fctzenbund e.V. von gro\u00dfer Bedeutung. Deswegen f\u00fchren wir mehrmals im Jahr sogenannte Lehrg\u00e4nge durch. Waffensachkunde &amp; Verantwortliche Aufsicht Es freut uns, dass wir Euch folgende Lehrg\u00e4nge anbieten k\u00f6nnen: Zur Zeit finden keine Lehrg\u00e4nge <a class=\"excerpt-more\" href=\"https:\/\/bezirk04.de\/wordpress\/lehrwesen\/\">[\u2026 weiter]<\/a><\/p>\n","protected":false},"author":1,"featured_media":0,"parent":0,"menu_order":0,"comment_status":"closed","ping_status":"closed","template":"","meta":{"footnotes":""},"class_list":["post-18","page","type-page","status-publish","hentry"],"_links":{"self":[{"href":"https:\/\/bezirk04.de\/wordpress\/wp-json\/wp\/v2\/pages\/18","targetHints":{"allow":["GET"]}}],"collection":[{"href":"https:\/\/bezirk04.de\/wordpress\/wp-json\/wp\/v2\/pages"}],"about":[{"href":"https:\/\/bezirk04.de\/wordpress\/wp-json\/wp\/v2\/types\/page"}],"author":[{"embeddable":true,"href":"https:\/\/bezirk04.de\/wordpress\/wp-json\/wp\/v2\/users\/1"}],"replies":[{"embeddable":true,"href":"https:\/\/bezirk04.de\/wordpress\/wp-json\/wp\/v2\/comments?post=18"}],"version-history":[{"count":21,"href":"https:\/\/bezirk04.de\/wordpress\/wp-json\/wp\/v2\/pages\/18\/revisions"}],"predecessor-version":[{"id":1523,"href":"https:\/\/bezirk04.de\/wordpress\/wp-json\/wp\/v2\/pages\/18\/revisions\/1523"}],"wp:attachment":[{"href":"https:\/\/bezirk04.de\/wordpress\/wp-json\/wp\/v2\/media?parent=18"}],"curies":[{"name":"wp","href":"https:\/\/api.w.org\/{rel}","templated":true}]}}