{"id":16,"date":"2024-12-22T13:04:34","date_gmt":"2024-12-22T12:04:34","guid":{"rendered":"https:\/\/bezirk04.de\/?page_id=16"},"modified":"2026-03-03T12:58:09","modified_gmt":"2026-03-03T11:58:09","slug":"bezirksmeisterschaft","status":"publish","type":"page","link":"https:\/\/bezirk04.de\/wordpress\/bezirksmeisterschaft\/","title":{"rendered":"Bezirksmeisterschaft"},"content":{"rendered":"<p>Ergebnisheft BZM 26-02-08Hier findet ihr alle n\u00f6tigen Informationen zur Bezirksmeisterschaft.<br \/>\nBei Fragen, wendet euch bitte per Mail an den Bezirkssportleiter.<\/p>\n<h3><a href=\"https:\/\/bezirk04.de\/wp-content\/uploads\/Ergebnisheft-BZM-26-03-03.pdf\" target=\"_blank\" rel=\"noopener\">Ergebnisheft (PDF) der Bezirksmeisterschaft 2026 (Stand: 03.03.26)<\/a><\/h3>\n<p>&nbsp;<\/p>\n<h3><a href=\"https:\/\/bezirk04.de\/wp-content\/uploads\/Ausschreibung-BZM26.pdf\">Ausschreibung Bezirksmeisterschaft 2026<\/a><\/h3>\n<h3><a href=\"https:\/\/bezirk04.de\/wp-content\/uploads\/Termine-BZM26.pdf\">Terminliste BZM 26 (nach Datum sortiert)<\/a><\/h3>\n<p>&nbsp;<\/p>\n<h3><a href=\"https:\/\/bezirk04.de\/wp-content\/uploads\/Bezirkskoenigsschiessen-2025.pdf\">Ergebnisse des Bezirksk\u00f6nigsschie\u00dfen 2025<\/a><\/h3>\n<h3><\/h3>\n<p>&nbsp;<\/p>\n<h3>&#8212; Archiv fr\u00fcherer Ergebnishefte &#8212;<\/h3>\n<p><a href=\"https:\/\/bezirk04.de\/wp-content\/uploads\/Ergebnisheft-28.02.2025.pdf\" target=\"_blank\" rel=\"noopener\">Ergebnisheft BZM 2025<\/a><\/p>\n<p><a href=\"https:\/\/bezirk04.de\/wp-content\/uploads\/Ergebnisheft-02.05.2024.pdf\" target=\"_blank\" rel=\"noopener\">Ergebnisheft BZM 2024<\/a><\/p>\n<p><a href=\"https:\/\/bezirk04.de\/wp-content\/uploads\/Ergebnisheft-08.10.2023.pdf\" target=\"_blank\" rel=\"noopener\">Ergebnisheft BZM 2023<\/a><\/p>\n<p>&nbsp;<\/p>\n<p>&nbsp;<\/p>\n<p>&nbsp;<\/p>\n","protected":false},"excerpt":{"rendered":"<p>Ergebnisheft BZM 26-02-08Hier findet ihr alle n\u00f6tigen Informationen zur Bezirksmeisterschaft. Bei Fragen, wendet euch bitte per Mail an den Bezirkssportleiter. Ergebnisheft (PDF) der Bezirksmeisterschaft 2026 (Stand: 03.03.26) &nbsp; Ausschreibung Bezirksmeisterschaft 2026 Terminliste BZM 26 (nach Datum sortiert) &nbsp; Ergebnisse des Bezirksk\u00f6nigsschie\u00dfen 2025 &nbsp; &#8212; Archiv fr\u00fcherer Ergebnishefte &#8212; Ergebnisheft BZM 2025 Ergebnisheft BZM 2024 Ergebnisheft <a class=\"excerpt-more\" href=\"https:\/\/bezirk04.de\/wordpress\/bezirksmeisterschaft\/\">[\u2026 weiter]<\/a><\/p>\n","protected":false},"author":1,"featured_media":0,"parent":0,"menu_order":0,"comment_status":"closed","ping_status":"closed","template":"","meta":{"footnotes":""},"class_list":["post-16","page","type-page","status-publish","hentry"],"_links":{"self":[{"href":"https:\/\/bezirk04.de\/wordpress\/wp-json\/wp\/v2\/pages\/16","targetHints":{"allow":["GET"]}}],"collection":[{"href":"https:\/\/bezirk04.de\/wordpress\/wp-json\/wp\/v2\/pages"}],"about":[{"href":"https:\/\/bezirk04.de\/wordpress\/wp-json\/wp\/v2\/types\/page"}],"author":[{"embeddable":true,"href":"https:\/\/bezirk04.de\/wordpress\/wp-json\/wp\/v2\/users\/1"}],"replies":[{"embeddable":true,"href":"https:\/\/bezirk04.de\/wordpress\/wp-json\/wp\/v2\/comments?post=16"}],"version-history":[{"count":41,"href":"https:\/\/bezirk04.de\/wordpress\/wp-json\/wp\/v2\/pages\/16\/revisions"}],"predecessor-version":[{"id":1455,"href":"https:\/\/bezirk04.de\/wordpress\/wp-json\/wp\/v2\/pages\/16\/revisions\/1455"}],"wp:attachment":[{"href":"https:\/\/bezirk04.de\/wordpress\/wp-json\/wp\/v2\/media?parent=16"}],"curies":[{"name":"wp","href":"https:\/\/api.w.org\/{rel}","templated":true}]}}